{"id":69,"date":"2022-05-18T14:19:35","date_gmt":"2022-05-18T14:19:35","guid":{"rendered":"http:\/\/www.eliseberard.com\/2022\/?page_id=69"},"modified":"2022-07-12T16:41:09","modified_gmt":"2022-07-12T20:41:09","slug":"contact","status":"publish","type":"page","link":"https:\/\/www.eliseberard.com\/2022\/contact\/","title":{"rendered":"CONTACT"},"content":{"rendered":"<div id=\"tdi_1\" class=\"tdc-row\"><div class=\"vc_row tdi_2  wpb_row td-pb-row\" >\n<style scoped>\n\n\/* custom css *\/\n.tdi_2,\r\n                .tdi_2 .tdc-columns{\r\n                    min-height: 0;\r\n                }.tdi_2,\r\n\t\t\t\t.tdi_2 .tdc-columns{\r\n\t\t\t\t    display: block;\r\n\t\t\t\t}.tdi_2 .tdc-columns{\r\n\t\t\t\t    width: 100%;\r\n\t\t\t\t}\n<\/style><div class=\"vc_column tdi_4  wpb_column vc_column_container tdc-column td-pb-span12\">\n<style scoped>\n\n\/* custom css *\/\n.tdi_4{\r\n                    vertical-align: baseline;\r\n                }.tdi_4 > .wpb_wrapper,\r\n\t\t\t\t.tdi_4 > .wpb_wrapper > .tdc-elements{\r\n\t\t\t\t    display: block;\r\n\t\t\t\t}.tdi_4 > .wpb_wrapper > .tdc-elements{\r\n\t\t\t\t    width: 100%;\r\n\t\t\t\t}.tdi_4 > .wpb_wrapper > .vc_row_inner{\r\n\t\t\t\t    width: auto;\r\n\t\t\t\t}.tdi_4 > .wpb_wrapper{\r\n\t\t\t\t    width: auto;\r\n\t\t\t\t    height: auto;\r\n\t\t\t\t}\n<\/style><div class=\"wpb_wrapper\">[vc_column_text]\r\n<h5 style=\"text-align: left;\">Que ce soit pour l\u2019achat d\u2019une \u0153uvre pour votre petit cocon, pour louer mes \u0153uvres pour du home staging ou pour des ateliers de coaching et de journal cr\u00e9atif.\r\n<em>Whether it is for the purchase of a work for your little cocoon, to rent my works for home staging, or for coaching and creative journal workshops.<\/em><\/h5>\r\n[\/vc_column_text][vc_column_text][dhvc_form id=\u00a0\u00bb121&Prime;][\/vc_column_text]<\/div><\/div><\/div><\/div>","protected":false},"excerpt":{"rendered":"[vc_column_text] Que ce soit pour l\u2019achat d\u2019une \u0153uvre pour votre petit cocon, pour louer mes \u0153uvres pour du home staging ou pour des ateliers de coaching et de journal cr\u00e9atif. Whether it is for the purchase of a work for your little cocoon, to rent my works for home staging, or for coaching and creative [...]","protected":false},"author":1,"featured_media":0,"parent":0,"menu_order":0,"comment_status":"closed","ping_status":"closed","template":"","meta":{"footnotes":""},"class_list":["post-69","page","type-page","status-publish"],"_links":{"self":[{"href":"https:\/\/www.eliseberard.com\/2022\/wp-json\/wp\/v2\/pages\/69","targetHints":{"allow":["GET"]}}],"collection":[{"href":"https:\/\/www.eliseberard.com\/2022\/wp-json\/wp\/v2\/pages"}],"about":[{"href":"https:\/\/www.eliseberard.com\/2022\/wp-json\/wp\/v2\/types\/page"}],"author":[{"embeddable":true,"href":"https:\/\/www.eliseberard.com\/2022\/wp-json\/wp\/v2\/users\/1"}],"replies":[{"embeddable":true,"href":"https:\/\/www.eliseberard.com\/2022\/wp-json\/wp\/v2\/comments?post=69"}],"version-history":[{"count":8,"href":"https:\/\/www.eliseberard.com\/2022\/wp-json\/wp\/v2\/pages\/69\/revisions"}],"predecessor-version":[{"id":438,"href":"https:\/\/www.eliseberard.com\/2022\/wp-json\/wp\/v2\/pages\/69\/revisions\/438"}],"wp:attachment":[{"href":"https:\/\/www.eliseberard.com\/2022\/wp-json\/wp\/v2\/media?parent=69"}],"curies":[{"name":"wp","href":"https:\/\/api.w.org\/{rel}","templated":true}]}}