{"id":49,"date":"2022-05-18T14:16:05","date_gmt":"2022-05-18T14:16:05","guid":{"rendered":"http:\/\/www.eliseberard.com\/2022\/?page_id=49"},"modified":"2022-07-12T18:02:58","modified_gmt":"2022-07-12T22:02:58","slug":"knock-on-wood-lucky-art","status":"publish","type":"page","link":"https:\/\/www.eliseberard.com\/2022\/knock-on-wood-lucky-art\/","title":{"rendered":"Knock on wood Lucky art"},"content":{"rendered":"<div id=\"tdi_1\" class=\"tdc-row\"><div class=\"vc_row vc_custom_1653487737772 tdi_2  wpb_row td-pb-row\" >\n<style scoped>\n\n\/* tdc_composer_block - inline css att *\/\n.vc_custom_1653487737772{margin-top: -50px !important;}\n\/* custom css *\/\n.tdi_2,\r\n                .tdi_2 .tdc-columns{\r\n                    min-height: 0;\r\n                }.tdi_2,\r\n\t\t\t\t.tdi_2 .tdc-columns{\r\n\t\t\t\t    display: block;\r\n\t\t\t\t}.tdi_2 .tdc-columns{\r\n\t\t\t\t    width: 100%;\r\n\t\t\t\t}\n<\/style><div class=\"vc_column tdi_4  wpb_column vc_column_container tdc-column td-pb-span12\">\n<style scoped>\n\n\/* custom css *\/\n.tdi_4{\r\n                    vertical-align: baseline;\r\n                }.tdi_4 > .wpb_wrapper,\r\n\t\t\t\t.tdi_4 > .wpb_wrapper > .tdc-elements{\r\n\t\t\t\t    display: block;\r\n\t\t\t\t}.tdi_4 > .wpb_wrapper > .tdc-elements{\r\n\t\t\t\t    width: 100%;\r\n\t\t\t\t}.tdi_4 > .wpb_wrapper > .vc_row_inner{\r\n\t\t\t\t    width: auto;\r\n\t\t\t\t}.tdi_4 > .wpb_wrapper{\r\n\t\t\t\t    width: auto;\r\n\t\t\t\t    height: auto;\r\n\t\t\t\t}\n<\/style><div class=\"wpb_wrapper\">[vc_custom_heading text=\u00a0\u00bbKnock on wood Lucky art\u00a0\u00bb google_fonts=\u00a0\u00bbfont_family:Coda%3Aregular%2C800|font_style:400%20regular%3A400%3Anormal\u00a0\u00bb][vc_column_text]Cette s\u00e9rie d\u2019\u0153uvres inspir\u00e9es de la nature et maroufl\u00e9es sur bois sont porteuses de chance. Touchez du bois, c&rsquo;est votre jour de chance! Blocs de bois de 4po x 4po, 5po x 5po, 8po x 8po[\/vc_column_text][vc_column_text]<!-- The Grid Plugin Version 2.7.9.1 --><!-- The Grid Wrapper Start --><div class=\"tg-grid-wrapper tg-txt full-height\" id=\"grid-415\" data-version=\"2.7.9.1\"><!-- The Grid Styles --><style class=\"tg-grid-styles\" type=\"text\/css\" scoped>#grid-415 .tg-nav-color:not(.dots):not(.tg-dropdown-value):not(.tg-dropdown-title):hover,#grid-415 .tg-nav-color:hover .tg-nav-color,#grid-415 .tg-page-number.tg-page-current,#grid-415 .tg-filter.tg-filter-active span{color:#ff6863}#grid-415 .tg-filter:before,#grid-415 .tg-filter.tg-filter-active:before{color:#999999}#grid-415 .tg-dropdown-holder,#grid-415 .tg-search-inner,#grid-415 .tg-sorter-order{border:1px solid #DDDDDD}#grid-415 .tg-search-clear,#grid-415 .tg-search-clear:hover{border:none;border-left:1px solid #DDDDDD}.tg-txt .tg-nav-font,.tg-txt input[type=text].tg-search{font-size:14px;font-weight:600}.tg-txt .tg-search::-webkit-input-placeholder{font-size:14px}.tg-txt .tg-search::-moz-placeholder{font-size:14px}.tg-txt .tg-search:-ms-input-placeholder{font-size:14px}.tg-txt .tg-icon-left-arrow:before{content:\"\\e604\";font-size:32px;font-weight:100}.tg-txt .tg-icon-right-arrow:before{content:\"\\e602\";font-size:32px;font-weight:100}.tg-txt .tg-icon-dropdown-open:before,.tg-txt .tg-icon-sorter-down:before{content:\"\\e60a\"}.tg-txt .tg-icon-sorter-up:before{content:\"\\e609\"}.tg-txt .tg-search-clear:before{content:\"\\e611\";font-weight:300}.tg-txt .tg-search-icon:before{content:\"\\e62e\";font-size:16px;font-weight:600}#grid-415 .tg-nav-color,#grid-415 .tg-search-icon:hover:before,#grid-415 .tg-search-icon:hover input,#grid-415 .tg-disabled:hover .tg-icon-left-arrow,#grid-415 .tg-disabled:hover .tg-icon-right-arrow,#grid-415 .tg-dropdown-title.tg-nav-color:hover{color:#999999}#grid-415 input.tg-search:hover{color:#999999 !important}#grid-415 input.tg-search::-webkit-input-placeholder{color:#999999}#grid-415 input.tg-search::-moz-placeholder{color:#999999;opacity:1}#grid-415 input.tg-search:-ms-input-placeholder{color:#999999}.grid-415 .tg-dropdown-item{color:#777777;background:#ffffff}.grid-415 .tg-filter-active,.grid-415 .tg-dropdown-item:hover{color:#444444;background:#f5f6fa}#grid-415 .tg-slider-bullets li.tg-active-item span{background:#59585b}#grid-415 .tg-slider-bullets li span{background:#DDDDDD}.apia a,.apia a:active,.apia a:focus,.apia .tg-item-overlay{text-decoration:none;border:none;-webkit-box-shadow:none;box-shadow:none;-webkit-transition:opacity 0.25s ease,color 0.25s ease,-webkit-transform 0.3s ease-in-out;-moz-transition:opacity 0.25s ease,color 0.25s ease,-moz-transform 0.3s ease-in-out;-ms-transition:opacity 0.25s ease,color 0.25s ease,-ms-transform 0.3s ease-in-out;-o-transition:opacity 0.25s ease,color 0.25s ease,-o-transform 0.3s ease-in-out;transition:opacity 0.25s ease,color 0.25s ease,transform 0.3s ease-in-out}.apia .tg-item-overlay{position:absolute;display:block;top:0;left:0;width:100%;height:100%;opacity:0;text-align:center}.apia .tg-media-button{position:absolute;display:block;top:0;left:0;width:100%;height:100%;cursor:pointer;opacity:0}.apia .tg-media-button i{position:absolute;display:inline-block;top:50%;margin:-20px 0 0 0;width:100%;height:40px;line-height:40px;font-size:40px;text-align:center}.apia:not(.tg-force-play):not(.tg-is-playing):hover:hover .tg-item-overlay,.apia:not(.tg-force-play):not(.tg-is-playing):hover:hover .tg-item-media-button{opacity:1}.apia:not(.tg-force-play):not(.tg-is-playing):hover .tg-media-button:hover{opacity:0.75}.apia.tg-force-play .tg-media-button,.apia.tg-is-playing .tg-media-button{opacity:0;visibility:hidden}.tg-item .tg-dark div,.tg-item .tg-dark h1,.tg-item .tg-dark h1 a,.tg-item .tg-dark h2,.tg-item .tg-dark h2 a,.tg-item .tg-dark h3,.tg-item .tg-dark h3 a,.tg-item .tg-dark h4,.tg-item .tg-dark h4 a,.tg-item .tg-dark h5,.tg-item .tg-dark h5 a,.tg-item .tg-dark h6,.tg-item .tg-dark h6 a,.tg-item .tg-dark a,.tg-item .tg-dark a.tg-link-url,.tg-item .tg-dark i,.tg-item .tg-dark .tg-media-button,.tg-item .tg-dark .tg-item-price span{color:#444444;fill:#444444;stroke:#444444;border-color:#444444}.tg-item .tg-dark p,.tg-item .tg-dark ol,.tg-item .tg-dark ul,.tg-item .tg-dark li{color:#777777;fill:#777777;stroke:#777777;border-color:#777777}.tg-item .tg-dark span,.tg-item .tg-dark .no-liked .to-heart-icon path,.tg-item .tg-dark .empty-heart .to-heart-icon path,.tg-item .tg-dark .tg-item-comment i,.tg-item .tg-dark .tg-item-price del span{color:#999999;fill:#999999;stroke:#999999;border-color:#999999}.tg-item .tg-light div,.tg-item .tg-light h1,.tg-item .tg-light h1 a,.tg-item .tg-light h2,.tg-item .tg-light h2 a,.tg-item .tg-light h3,.tg-item .tg-light h3 a,.tg-item .tg-light h4,.tg-item .tg-light h4 a,.tg-item .tg-light h5,.tg-item .tg-light h5 a,.tg-item .tg-light h6,.tg-item .tg-light h6 a,.tg-item .tg-light a,.tg-item .tg-light a.tg-link-url,.tg-item .tg-light i,.tg-item .tg-light .tg-media-button,.tg-item .tg-light .tg-item-price span{color:#ffffff;fill:#ffffff;stroke:#ffffff;border-color:#ffffff}.tg-item .tg-light p,.tg-item .tg-light ol,.tg-item .tg-light ul,.tg-item .tg-light li{color:#f5f5f5;fill:#f5f5f5;stroke:#f5f5f5;border-color:#f5f5f5}.tg-item .tg-light span,.tg-item .tg-light .no-liked .to-heart-icon path,.tg-item .tg-light .empty-heart .to-heart-icon path,.tg-item .tg-light .tg-item-comment i,.tg-item .tg-light .tg-item-price del span{color:#f6f6f6;fill:#f6f6f6;stroke:#f6f6f6;border-color:#f6f6f6}#grid-415 .tg-item-content-holder{background-color:#ffffff}#grid-415 .tg-item-overlay{background-color:rgba(22,22,22,0.65)}.tolb-title{font-size:.8em;font-weight:300}.tolb-counter{font-size:.8em;font-weight:300}<\/style><!-- The Grid Item Sizer --><div class=\"tg-grid-sizer\"><\/div><!-- The Grid Gutter Sizer --><div class=\"tg-gutter-sizer\"><\/div><!-- The Grid Items Holder --><div class=\"tg-grid-holder tg-layout-grid\"  data-name=\"Knock on wood - Lucky Art\"  data-style=\"grid\" data-row=\"1\" data-layout=\"vertical\" data-rtl=\"\" data-fitrows=\"\" data-filtercomb=\"\" data-filterlogic=\"AND\" data-filterload =\"\" data-sortbyload =\"\" data-orderload =\"false\" data-fullwidth=\"\" data-fullheight=\"null\" data-gutters=\"[[320,5],[480,5],[768,10],[980,15],[1200,20],[9999,20]]\" data-slider='{\"itemNav\":\"null\",\"swingSpeed\":0.1,\"cycleBy\":\"null\",\"cycle\":5000,\"startAt\":1}' data-ratio=\"1.00\" data-cols=\"[[320,1],[480,1],[768,2],[980,3],[1200,4],[9999,4]]\" data-rows=\"[[320,200],[480,200],[768,220],[980,220],[1200,240],[9999,240]]\" data-animation='{&quot;name&quot;:&quot;Fade in&quot;,&quot;visible&quot;:&quot;&quot;,&quot;hidden&quot;:&quot;&quot;}' data-transition=\"700ms\" data-ajaxmethod=\"\" data-ajaxdelay=\"100\" data-preloader=\"\" data-itemdelay=\"100\" data-gallery=\"\" data-ajax=\"\"><!-- The Grid item #1 --><article class=\"tg-item tg-post-425 apia\" data-row=\"1\" data-col=\"1\"><div class=\"tg-item-inner\"><div class=\"tg-item-media-holder tg-light\"><div class=\"tg-item-media-inner\"><div class=\"tg-item-image\" style=\"background-image: url(https:\/\/www.eliseberard.com\/2022\/wp-content\/uploads\/2022\/07\/EBERARD_Se\u0301rieJungleFever-5-po-x-5-po-8-po-x-8-po-4-po-x-4-po.1000.jpeg)\"><\/div><\/div><div class=\"tg-item-overlay\"><\/div><a id=\"tolb-415425\" class=\"tg-media-button\" data-tolb-src=\"https:\/\/www.eliseberard.com\/2022\/wp-content\/uploads\/2022\/07\/EBERARD_Se\u0301rieJungleFever-5-po-x-5-po-8-po-x-8-po-4-po-x-4-po.1000.jpeg\" data-tolb-type=\"image\" data-tolb-alt=\"Se\u0301rie Jungle Fever\"><i class=\"tg-icon-add\"><\/i><\/a><\/div><\/div><\/article><!-- The Grid item #2 --><article class=\"tg-item tg-post-424 apia\" data-row=\"1\" data-col=\"1\"><div class=\"tg-item-inner\"><div class=\"tg-item-media-holder tg-light\"><div class=\"tg-item-media-inner\"><div class=\"tg-item-image\" style=\"background-image: url(https:\/\/www.eliseberard.com\/2022\/wp-content\/uploads\/2022\/07\/EBERARD_Se\u0301rieCostaRica-5pox5po.1000.jpeg)\"><\/div><\/div><div class=\"tg-item-overlay\"><\/div><a id=\"tolb-415424\" class=\"tg-media-button\" data-tolb-src=\"https:\/\/www.eliseberard.com\/2022\/wp-content\/uploads\/2022\/07\/EBERARD_Se\u0301rieCostaRica-5pox5po.1000.jpeg\" data-tolb-type=\"image\" data-tolb-alt=\"Se\u0301rie Costa Rica\"><i class=\"tg-icon-add\"><\/i><\/a><\/div><\/div><\/article><!-- The Grid item #3 --><article class=\"tg-item tg-post-423 apia\" data-row=\"1\" data-col=\"1\"><div class=\"tg-item-inner\"><div class=\"tg-item-media-holder tg-light\"><div class=\"tg-item-media-inner\"><div class=\"tg-item-image\" style=\"background-image: url(https:\/\/www.eliseberard.com\/2022\/wp-content\/uploads\/2022\/07\/EBERARD_SerieClassisqueDOrient-ala-moderne.1000.jpeg)\"><\/div><\/div><div class=\"tg-item-overlay\"><\/div><a id=\"tolb-415423\" class=\"tg-media-button\" data-tolb-src=\"https:\/\/www.eliseberard.com\/2022\/wp-content\/uploads\/2022\/07\/EBERARD_SerieClassisqueDOrient-ala-moderne.1000.jpeg\" data-tolb-type=\"image\" data-tolb-alt=\"S\u00e9rie Classisque d&rsquo;Orient\"><i class=\"tg-icon-add\"><\/i><\/a><\/div><\/div><\/article><!-- The Grid item #4 --><article class=\"tg-item tg-post-422 apia\" data-row=\"1\" data-col=\"1\"><div class=\"tg-item-inner\"><div class=\"tg-item-media-holder tg-light\"><div class=\"tg-item-media-inner\"><div class=\"tg-item-image\" style=\"background-image: url(https:\/\/www.eliseberard.com\/2022\/wp-content\/uploads\/2022\/07\/EBERARD_Se\u0301rieArctique.5-po-x-5-po.1000.jpeg)\"><\/div><\/div><div class=\"tg-item-overlay\"><\/div><a id=\"tolb-415422\" class=\"tg-media-button\" data-tolb-src=\"https:\/\/www.eliseberard.com\/2022\/wp-content\/uploads\/2022\/07\/EBERARD_Se\u0301rieArctique.5-po-x-5-po.1000.jpeg\" data-tolb-type=\"image\" data-tolb-alt=\"Se\u0301rie Arctique\"><i class=\"tg-icon-add\"><\/i><\/a><\/div><\/div><\/article><!-- The Grid item #5 --><article class=\"tg-item tg-post-421 apia\" data-row=\"1\" data-col=\"1\"><div class=\"tg-item-inner\"><div class=\"tg-item-media-holder tg-light\"><div class=\"tg-item-media-inner\"><div class=\"tg-item-image\" style=\"background-image: url(https:\/\/www.eliseberard.com\/2022\/wp-content\/uploads\/2022\/07\/EBERARD_Se\u0301rie-Ne\u0301nuphar-Bijououe\u0301crins-de-bonheur-4pox4po.ch_.1000.jpeg)\"><\/div><\/div><div class=\"tg-item-overlay\"><\/div><a id=\"tolb-415421\" class=\"tg-media-button\" data-tolb-src=\"https:\/\/www.eliseberard.com\/2022\/wp-content\/uploads\/2022\/07\/EBERARD_Se\u0301rie-Ne\u0301nuphar-Bijououe\u0301crins-de-bonheur-4pox4po.ch_.1000.jpeg\" data-tolb-type=\"image\" data-tolb-alt=\"Se\u0301rie Bijou ou e\u0301crins de bonheur\"><i class=\"tg-icon-add\"><\/i><\/a><\/div><\/div><\/article><!-- The Grid item #6 --><article class=\"tg-item tg-post-420 apia\" data-row=\"1\" data-col=\"1\"><div class=\"tg-item-inner\"><div class=\"tg-item-media-holder tg-light\"><div class=\"tg-item-media-inner\"><div class=\"tg-item-image\" style=\"background-image: url(https:\/\/www.eliseberard.com\/2022\/wp-content\/uploads\/2022\/07\/EBERARD_Se\u0301rie-Natura-4-pox4po8pox8-po5pox5-po.1000.jpeg)\"><\/div><\/div><div class=\"tg-item-overlay\"><\/div><a id=\"tolb-415420\" class=\"tg-media-button\" data-tolb-src=\"https:\/\/www.eliseberard.com\/2022\/wp-content\/uploads\/2022\/07\/EBERARD_Se\u0301rie-Natura-4-pox4po8pox8-po5pox5-po.1000.jpeg\" data-tolb-type=\"image\" data-tolb-alt=\"Se\u0301rie Natura 4\"><i class=\"tg-icon-add\"><\/i><\/a><\/div><\/div><\/article><!-- The Grid item #7 --><article class=\"tg-item tg-post-419 apia\" data-row=\"1\" data-col=\"1\"><div class=\"tg-item-inner\"><div class=\"tg-item-media-holder tg-light\"><div class=\"tg-item-media-inner\"><div class=\"tg-item-image\" style=\"background-image: url(https:\/\/www.eliseberard.com\/2022\/wp-content\/uploads\/2022\/07\/EBERARD_Se\u0301rie-Envol-8-po-x-8-po.1000.jpeg)\"><\/div><\/div><div class=\"tg-item-overlay\"><\/div><a id=\"tolb-415419\" class=\"tg-media-button\" data-tolb-src=\"https:\/\/www.eliseberard.com\/2022\/wp-content\/uploads\/2022\/07\/EBERARD_Se\u0301rie-Envol-8-po-x-8-po.1000.jpeg\" data-tolb-type=\"image\" data-tolb-alt=\"Se\u0301rie Envol\"><i class=\"tg-icon-add\"><\/i><\/a><\/div><\/div><\/article><!-- The Grid item #8 --><article class=\"tg-item tg-post-418 apia\" data-row=\"1\" data-col=\"1\"><div class=\"tg-item-inner\"><div class=\"tg-item-media-holder tg-light\"><div class=\"tg-item-media-inner\"><div class=\"tg-item-image\" style=\"background-image: url(https:\/\/www.eliseberard.com\/2022\/wp-content\/uploads\/2022\/07\/EBERARD_Se\u0301rie-Bleudefeu.8-po-x-8-po-4-po-x-4-po.1000.jpeg)\"><\/div><\/div><div class=\"tg-item-overlay\"><\/div><a id=\"tolb-415418\" class=\"tg-media-button\" data-tolb-src=\"https:\/\/www.eliseberard.com\/2022\/wp-content\/uploads\/2022\/07\/EBERARD_Se\u0301rie-Bleudefeu.8-po-x-8-po-4-po-x-4-po.1000.jpeg\" data-tolb-type=\"image\" data-tolb-alt=\"Se\u0301rie Bleu de feu\"><i class=\"tg-icon-add\"><\/i><\/a><\/div><\/div><\/article><!-- The Grid item #9 --><article class=\"tg-item tg-post-417 apia\" data-row=\"1\" data-col=\"1\"><div class=\"tg-item-inner\"><div class=\"tg-item-media-holder tg-light\"><div class=\"tg-item-media-inner\"><div class=\"tg-item-image\" style=\"background-image: url(https:\/\/www.eliseberard.com\/2022\/wp-content\/uploads\/2022\/07\/EBERARD_Ombres-DOrient-4po-x-4po.1000.jpeg)\"><\/div><\/div><div class=\"tg-item-overlay\"><\/div><a id=\"tolb-415417\" class=\"tg-media-button\" data-tolb-src=\"https:\/\/www.eliseberard.com\/2022\/wp-content\/uploads\/2022\/07\/EBERARD_Ombres-DOrient-4po-x-4po.1000.jpeg\" data-tolb-type=\"image\" data-tolb-alt=\"S\u00e9rie Ombres d&rsquo;Orient\"><i class=\"tg-icon-add\"><\/i><\/a><\/div><\/div><\/article><!-- The Grid item #10 --><article class=\"tg-item tg-post-432 apia\" data-row=\"1\" data-col=\"1\"><div class=\"tg-item-inner\"><div class=\"tg-item-media-holder tg-light\"><div class=\"tg-item-media-inner\"><div class=\"tg-item-image\" style=\"background-image: url(https:\/\/www.eliseberard.com\/2022\/wp-content\/uploads\/2022\/07\/EBERARD_Serie_AzurAbstrait-part-onsa-l-aventure_4pox4po.1000.jpeg)\"><\/div><\/div><div class=\"tg-item-overlay\"><\/div><a id=\"tolb-415432\" class=\"tg-media-button\" data-tolb-src=\"https:\/\/www.eliseberard.com\/2022\/wp-content\/uploads\/2022\/07\/EBERARD_Serie_AzurAbstrait-part-onsa-l-aventure_4pox4po.1000.jpeg\" data-tolb-type=\"image\" data-tolb-alt=\"S\u00e9rie Azur Abstrait &#8211; On part \u00e0 l&rsquo;aventure &#8211; VENDU\"><i class=\"tg-icon-add\"><\/i><\/a><\/div><\/div><\/article><!-- The Grid item #11 --><article class=\"tg-item tg-post-433 apia\" data-row=\"1\" data-col=\"1\"><div class=\"tg-item-inner\"><div class=\"tg-item-media-holder tg-light\"><div class=\"tg-item-media-inner\"><div class=\"tg-item-image\" style=\"background-image: url(https:\/\/www.eliseberard.com\/2022\/wp-content\/uploads\/2022\/07\/EBERARD_SerieOmbresd-orient-_voyageAsie_4pox4po.1000.jpeg)\"><\/div><\/div><div class=\"tg-item-overlay\"><\/div><a id=\"tolb-415433\" class=\"tg-media-button\" data-tolb-src=\"https:\/\/www.eliseberard.com\/2022\/wp-content\/uploads\/2022\/07\/EBERARD_SerieOmbresd-orient-_voyageAsie_4pox4po.1000.jpeg\" data-tolb-type=\"image\" data-tolb-alt=\"Serie ombres d&rsquo;orient\"><i class=\"tg-icon-add\"><\/i><\/a><\/div><\/div><\/article><!-- The Grid item #12 --><article class=\"tg-item tg-post-416 apia\" data-row=\"1\" data-col=\"1\"><div class=\"tg-item-inner\"><div class=\"tg-item-media-holder tg-light\"><div class=\"tg-item-media-inner\"><div class=\"tg-item-image\" style=\"background-image: url(https:\/\/www.eliseberard.com\/2022\/wp-content\/uploads\/2022\/07\/EBERARD_Knock-on-wood-lucky-art.oeuvres-sur-blocs-de-bois.1000jpeg.jpg)\"><\/div><\/div><div class=\"tg-item-overlay\"><\/div><a id=\"tolb-415416\" class=\"tg-media-button\" data-tolb-src=\"https:\/\/www.eliseberard.com\/2022\/wp-content\/uploads\/2022\/07\/EBERARD_Knock-on-wood-lucky-art.oeuvres-sur-blocs-de-bois.1000jpeg.jpg\" data-tolb-type=\"image\" data-tolb-alt=\"Knock on wood lucky art\"><i class=\"tg-icon-add\"><\/i><\/a><\/div><\/div><\/article><\/div><\/div><!-- The Grid Wrapper End -->[\/vc_column_text]<\/div><\/div><\/div><\/div>","protected":false},"excerpt":{"rendered":"","protected":false},"author":1,"featured_media":0,"parent":0,"menu_order":0,"comment_status":"closed","ping_status":"closed","template":"","meta":{"footnotes":""},"class_list":["post-49","page","type-page","status-publish"],"_links":{"self":[{"href":"https:\/\/www.eliseberard.com\/2022\/wp-json\/wp\/v2\/pages\/49","targetHints":{"allow":["GET"]}}],"collection":[{"href":"https:\/\/www.eliseberard.com\/2022\/wp-json\/wp\/v2\/pages"}],"about":[{"href":"https:\/\/www.eliseberard.com\/2022\/wp-json\/wp\/v2\/types\/page"}],"author":[{"embeddable":true,"href":"https:\/\/www.eliseberard.com\/2022\/wp-json\/wp\/v2\/users\/1"}],"replies":[{"embeddable":true,"href":"https:\/\/www.eliseberard.com\/2022\/wp-json\/wp\/v2\/comments?post=49"}],"version-history":[{"count":7,"href":"https:\/\/www.eliseberard.com\/2022\/wp-json\/wp\/v2\/pages\/49\/revisions"}],"predecessor-version":[{"id":458,"href":"https:\/\/www.eliseberard.com\/2022\/wp-json\/wp\/v2\/pages\/49\/revisions\/458"}],"wp:attachment":[{"href":"https:\/\/www.eliseberard.com\/2022\/wp-json\/wp\/v2\/media?parent=49"}],"curies":[{"name":"wp","href":"https:\/\/api.w.org\/{rel}","templated":true}]}}