{"id":166,"date":"2022-05-23T10:07:28","date_gmt":"2022-05-23T14:07:28","guid":{"rendered":"http:\/\/www.eliseberard.com\/2022\/?page_id=166"},"modified":"2022-07-12T17:01:55","modified_gmt":"2022-07-12T21:01:55","slug":"demarche-artistique","status":"publish","type":"page","link":"https:\/\/www.eliseberard.com\/2022\/demarche-artistique\/","title":{"rendered":"D\u00c9MARCHE ARTISTIQUE"},"content":{"rendered":"<div id=\"tdi_1\" class=\"tdc-row\"><div class=\"vc_row tdi_2  wpb_row td-pb-row\" >\n<style scoped>\n\n\/* custom css *\/\n.tdi_2,\r\n                .tdi_2 .tdc-columns{\r\n                    min-height: 0;\r\n                }.tdi_2,\r\n\t\t\t\t.tdi_2 .tdc-columns{\r\n\t\t\t\t    display: block;\r\n\t\t\t\t}.tdi_2 .tdc-columns{\r\n\t\t\t\t    width: 100%;\r\n\t\t\t\t}\n<\/style><div class=\"vc_column tdi_4  wpb_column vc_column_container tdc-column td-pb-span12\">\n<style scoped>\n\n\/* custom css *\/\n.tdi_4{\r\n                    vertical-align: baseline;\r\n                }.tdi_4 > .wpb_wrapper,\r\n\t\t\t\t.tdi_4 > .wpb_wrapper > .tdc-elements{\r\n\t\t\t\t    display: block;\r\n\t\t\t\t}.tdi_4 > .wpb_wrapper > .tdc-elements{\r\n\t\t\t\t    width: 100%;\r\n\t\t\t\t}.tdi_4 > .wpb_wrapper > .vc_row_inner{\r\n\t\t\t\t    width: auto;\r\n\t\t\t\t}.tdi_4 > .wpb_wrapper{\r\n\t\t\t\t    width: auto;\r\n\t\t\t\t    height: auto;\r\n\t\t\t\t}\n<\/style><div class=\"wpb_wrapper\">[vc_custom_heading text=\u00a0\u00bbD\u00e9marche artistique\u00a0\u00bb google_fonts=\u00a0\u00bbfont_family:Coda%3Aregular%2C800|font_style:400%20regular%3A400%3Anormal\u00a0\u00bb]<\/div><\/div><\/div><\/div><div id=\"tdi_5\" class=\"tdc-row\"><div class=\"vc_row tdi_6  wpb_row td-pb-row\" >\n<style scoped>\n\n\/* custom css *\/\n.tdi_6,\r\n                .tdi_6 .tdc-columns{\r\n                    min-height: 0;\r\n                }.tdi_6,\r\n\t\t\t\t.tdi_6 .tdc-columns{\r\n\t\t\t\t    display: block;\r\n\t\t\t\t}.tdi_6 .tdc-columns{\r\n\t\t\t\t    width: 100%;\r\n\t\t\t\t}\n<\/style><div class=\"vc_column tdi_8  wpb_column vc_column_container tdc-column td-pb-span8\">\n<style scoped>\n\n\/* custom css *\/\n.tdi_8{\r\n                    vertical-align: baseline;\r\n                }.tdi_8 > .wpb_wrapper,\r\n\t\t\t\t.tdi_8 > .wpb_wrapper > .tdc-elements{\r\n\t\t\t\t    display: block;\r\n\t\t\t\t}.tdi_8 > .wpb_wrapper > .tdc-elements{\r\n\t\t\t\t    width: 100%;\r\n\t\t\t\t}.tdi_8 > .wpb_wrapper > .vc_row_inner{\r\n\t\t\t\t    width: auto;\r\n\t\t\t\t}.tdi_8 > .wpb_wrapper{\r\n\t\t\t\t    width: auto;\r\n\t\t\t\t    height: auto;\r\n\t\t\t\t}\n<\/style><div class=\"wpb_wrapper\">[vc_column_text]Ma pratique artistique est grandement bas\u00e9e sur le jeu et l\u2019exp\u00e9rimentation, autant dans le choix des supports que dans celui des m\u00e9diums utilis\u00e9s. Cet emploi de m\u00e9diums mixtes color\u00e9s sur une base d\u2019acrylique conf\u00e8re une texture et une libert\u00e9 qui d\u00e9passent les limites de la figuration pour se situer entre l\u2019abstraction et l\u2019imaginaire. Je cherche surtout \u00e0 dire\u2026sans tout d\u00e9voiler.\r\n\r\nLa nature repr\u00e9sente mon terrain de jeu privil\u00e9gi\u00e9, car tout en elle me fascine : sa richesse, son abondance, ses formes, ses couleurs, sa force, mais aussi sa laideur, sa fragilit\u00e9 et sa vuln\u00e9rabilit\u00e9. Toutes ces facettes me touchent profond\u00e9ment et constituent mon mat\u00e9riau de base. La nature, en tant que reine des contrastes, \u00e9voque notre propre dualit\u00e9 et notre fragilit\u00e9. Je tente de capter cette complexit\u00e9 afin de la faire mienne et de la partager.\r\n\r\nJe cherche aussi \u00e0 capturer la fugacit\u00e9 du moment qui passe, le changement constant de la nature \u00e0 chaque saison, qui \u00e9voque le c\u00f4t\u00e9 \u00e9ph\u00e9m\u00e8re de nos vies. Je tente d\u2019encapsuler cette beaut\u00e9 changeante afin de cr\u00e9er un autre univers, car celui-ci m\u2019inqui\u00e8te. J\u2019aspire \u00e0 la libert\u00e9 du geste afin de m\u2019all\u00e9ger des dogmes et des r\u00e8gles, afin de r\u00e9interpr\u00e9ter le monde \u00e0 ma fa\u00e7on.[\/vc_column_text]<\/div><\/div><div class=\"vc_column tdi_10  wpb_column vc_column_container tdc-column td-pb-span4\">\n<style scoped>\n\n\/* custom css *\/\n.tdi_10{\r\n                    vertical-align: baseline;\r\n                }.tdi_10 > .wpb_wrapper,\r\n\t\t\t\t.tdi_10 > .wpb_wrapper > .tdc-elements{\r\n\t\t\t\t    display: block;\r\n\t\t\t\t}.tdi_10 > .wpb_wrapper > .tdc-elements{\r\n\t\t\t\t    width: 100%;\r\n\t\t\t\t}.tdi_10 > .wpb_wrapper > .vc_row_inner{\r\n\t\t\t\t    width: auto;\r\n\t\t\t\t}.tdi_10 > .wpb_wrapper{\r\n\t\t\t\t    width: auto;\r\n\t\t\t\t    height: auto;\r\n\t\t\t\t}\n<\/style><div class=\"wpb_wrapper\">[vc_single_image image=\u00a0\u00bb293&Prime; img_size=\u00a0\u00bbfull\u00a0\u00bb onclick=\u00a0\u00bblink_image\u00a0\u00bb]<\/div><\/div><\/div><\/div>","protected":false},"excerpt":{"rendered":"[vc_custom_heading text=\"D\u00e9marche artistique\" google_fonts=\"font_family:Coda%3Aregular%2C800|font_style:400%20regular%3A400%3Anormal\"] [vc_column_text]Ma pratique artistique est grandement bas\u00e9e sur le jeu et l\u2019exp\u00e9rimentation, autant dans le choix des supports que dans celui des m\u00e9diums utilis\u00e9s. Cet emploi de m\u00e9diums mixtes color\u00e9s sur une base d\u2019acrylique conf\u00e8re une texture et une libert\u00e9 qui d\u00e9passent les limites de la figuration pour se situer entre l\u2019abstraction [...]","protected":false},"author":1,"featured_media":0,"parent":0,"menu_order":0,"comment_status":"closed","ping_status":"closed","template":"","meta":{"footnotes":""},"class_list":["post-166","page","type-page","status-publish"],"_links":{"self":[{"href":"https:\/\/www.eliseberard.com\/2022\/wp-json\/wp\/v2\/pages\/166","targetHints":{"allow":["GET"]}}],"collection":[{"href":"https:\/\/www.eliseberard.com\/2022\/wp-json\/wp\/v2\/pages"}],"about":[{"href":"https:\/\/www.eliseberard.com\/2022\/wp-json\/wp\/v2\/types\/page"}],"author":[{"embeddable":true,"href":"https:\/\/www.eliseberard.com\/2022\/wp-json\/wp\/v2\/users\/1"}],"replies":[{"embeddable":true,"href":"https:\/\/www.eliseberard.com\/2022\/wp-json\/wp\/v2\/comments?post=166"}],"version-history":[{"count":5,"href":"https:\/\/www.eliseberard.com\/2022\/wp-json\/wp\/v2\/pages\/166\/revisions"}],"predecessor-version":[{"id":447,"href":"https:\/\/www.eliseberard.com\/2022\/wp-json\/wp\/v2\/pages\/166\/revisions\/447"}],"wp:attachment":[{"href":"https:\/\/www.eliseberard.com\/2022\/wp-json\/wp\/v2\/media?parent=166"}],"curies":[{"name":"wp","href":"https:\/\/api.w.org\/{rel}","templated":true}]}}