{"id":162,"date":"2022-05-23T10:06:11","date_gmt":"2022-05-23T14:06:11","guid":{"rendered":"http:\/\/www.eliseberard.com\/2022\/?page_id=162"},"modified":"2022-07-12T17:02:16","modified_gmt":"2022-07-12T21:02:16","slug":"biographie","status":"publish","type":"page","link":"https:\/\/www.eliseberard.com\/2022\/biographie\/","title":{"rendered":"BIOGRAPHIE"},"content":{"rendered":"<div id=\"tdi_1\" class=\"tdc-row\"><div class=\"vc_row tdi_2  wpb_row td-pb-row\" >\n<style scoped>\n\n\/* custom css *\/\n.tdi_2,\r\n                .tdi_2 .tdc-columns{\r\n                    min-height: 0;\r\n                }.tdi_2,\r\n\t\t\t\t.tdi_2 .tdc-columns{\r\n\t\t\t\t    display: block;\r\n\t\t\t\t}.tdi_2 .tdc-columns{\r\n\t\t\t\t    width: 100%;\r\n\t\t\t\t}\n<\/style><div class=\"vc_column tdi_4  wpb_column vc_column_container tdc-column td-pb-span12\">\n<style scoped>\n\n\/* custom css *\/\n.tdi_4{\r\n                    vertical-align: baseline;\r\n                }.tdi_4 > .wpb_wrapper,\r\n\t\t\t\t.tdi_4 > .wpb_wrapper > .tdc-elements{\r\n\t\t\t\t    display: block;\r\n\t\t\t\t}.tdi_4 > .wpb_wrapper > .tdc-elements{\r\n\t\t\t\t    width: 100%;\r\n\t\t\t\t}.tdi_4 > .wpb_wrapper > .vc_row_inner{\r\n\t\t\t\t    width: auto;\r\n\t\t\t\t}.tdi_4 > .wpb_wrapper{\r\n\t\t\t\t    width: auto;\r\n\t\t\t\t    height: auto;\r\n\t\t\t\t}\n<\/style><div class=\"wpb_wrapper\">[vc_custom_heading text=\u00a0\u00bbBiographie\u00a0\u00bb google_fonts=\u00a0\u00bbfont_family:Coda%3Aregular%2C800|font_style:400%20regular%3A400%3Anormal\u00a0\u00bb]<\/div><\/div><\/div><\/div><div id=\"tdi_5\" class=\"tdc-row\"><div class=\"vc_row tdi_6  wpb_row td-pb-row\" >\n<style scoped>\n\n\/* custom css *\/\n.tdi_6,\r\n                .tdi_6 .tdc-columns{\r\n                    min-height: 0;\r\n                }.tdi_6,\r\n\t\t\t\t.tdi_6 .tdc-columns{\r\n\t\t\t\t    display: block;\r\n\t\t\t\t}.tdi_6 .tdc-columns{\r\n\t\t\t\t    width: 100%;\r\n\t\t\t\t}\n<\/style><div class=\"vc_column tdi_8  wpb_column vc_column_container tdc-column td-pb-span8\">\n<style scoped>\n\n\/* custom css *\/\n.tdi_8{\r\n                    vertical-align: baseline;\r\n                }.tdi_8 > .wpb_wrapper,\r\n\t\t\t\t.tdi_8 > .wpb_wrapper > .tdc-elements{\r\n\t\t\t\t    display: block;\r\n\t\t\t\t}.tdi_8 > .wpb_wrapper > .tdc-elements{\r\n\t\t\t\t    width: 100%;\r\n\t\t\t\t}.tdi_8 > .wpb_wrapper > .vc_row_inner{\r\n\t\t\t\t    width: auto;\r\n\t\t\t\t}.tdi_8 > .wpb_wrapper{\r\n\t\t\t\t    width: auto;\r\n\t\t\t\t    height: auto;\r\n\t\t\t\t}\n<\/style><div class=\"wpb_wrapper\">[vc_column_text]Adepte d\u2019un heureux m\u00e9lange du c\u0153ur et de l\u2019esprit, \u00c9lise combine sa passion pour la peinture et le design \u00e0 celle de la gymnastique de l\u2019esprit que requiert sa carri\u00e8re de strat\u00e8ge en communication-marketing. N\u2019ayant pas peur d\u2019explorer des territoires inconnus, cette artiste carbure \u00e0 la cr\u00e9ation dans toutes les sph\u00e8res de sa vie.\r\n\r\nMontr\u00e9alaise d\u2019origine, elle a toujours dessin\u00e9 et jou\u00e9 avec la couleur. Ses \u00e9tudes en arts plastiques, en Design de l&rsquo;environnement, son baccalaur\u00e9at en Communications graphiques ainsi que plusieurs s\u00e9minaires et formations aupr\u00e8s d\u2019artistes reconnus lui ont permis d&rsquo;approfondir le monde de la couleur, de la composition et du dessin, tout en lui donnant une perspective historique. Ce sont tous ces \u00e9l\u00e9ments qui font maintenant partie int\u00e9grante de son terrain de jeu. Elle a particip\u00e9 \u00e0 plusieurs expositions collectives et en solo.\r\n\r\nApr\u00e8s plusieurs coups de pinceaux et de crayons, une constance dans le style se r\u00e9v\u00e8le par le geste libre, la palette color\u00e9e, le coup de crayon assur\u00e9 et le m\u00e9lange des m\u00e9diums dans un univers semi-figuratif parsem\u00e9 d&rsquo;abstraction. Ce qui anime cette artiste : voir les lieux o\u00f9 l\u2019on vit d\u2019un autre \u0153il, redonner de la beaut\u00e9 \u00e0 ce qui est d\u00e9laiss\u00e9, saisir le non-dit et\u2026 \u00e9mouvoir l\u2019\u00e2me.[\/vc_column_text]<\/div><\/div><div class=\"vc_column tdi_10  wpb_column vc_column_container tdc-column td-pb-span4\">\n<style scoped>\n\n\/* custom css *\/\n.tdi_10{\r\n                    vertical-align: baseline;\r\n                }.tdi_10 > .wpb_wrapper,\r\n\t\t\t\t.tdi_10 > .wpb_wrapper > .tdc-elements{\r\n\t\t\t\t    display: block;\r\n\t\t\t\t}.tdi_10 > .wpb_wrapper > .tdc-elements{\r\n\t\t\t\t    width: 100%;\r\n\t\t\t\t}.tdi_10 > .wpb_wrapper > .vc_row_inner{\r\n\t\t\t\t    width: auto;\r\n\t\t\t\t}.tdi_10 > .wpb_wrapper{\r\n\t\t\t\t    width: auto;\r\n\t\t\t\t    height: auto;\r\n\t\t\t\t}\n<\/style><div class=\"wpb_wrapper\">[vc_single_image image=\u00a0\u00bb212&Prime; img_size=\u00a0\u00bbfull\u00a0\u00bb onclick=\u00a0\u00bblink_image\u00a0\u00bb]<\/div><\/div><\/div><\/div>","protected":false},"excerpt":{"rendered":"[vc_custom_heading text=\"Biographie\" google_fonts=\"font_family:Coda%3Aregular%2C800|font_style:400%20regular%3A400%3Anormal\"] [vc_column_text]Adepte d\u2019un heureux m\u00e9lange du c\u0153ur et de l\u2019esprit, \u00c9lise combine sa passion pour la peinture et le design \u00e0 celle de la gymnastique de l\u2019esprit que requiert sa carri\u00e8re de strat\u00e8ge en communication-marketing. N\u2019ayant pas peur d\u2019explorer des territoires inconnus, cette artiste carbure \u00e0 la cr\u00e9ation dans toutes les sph\u00e8res de [...]","protected":false},"author":1,"featured_media":0,"parent":0,"menu_order":0,"comment_status":"closed","ping_status":"closed","template":"","meta":{"footnotes":""},"class_list":["post-162","page","type-page","status-publish"],"_links":{"self":[{"href":"https:\/\/www.eliseberard.com\/2022\/wp-json\/wp\/v2\/pages\/162","targetHints":{"allow":["GET"]}}],"collection":[{"href":"https:\/\/www.eliseberard.com\/2022\/wp-json\/wp\/v2\/pages"}],"about":[{"href":"https:\/\/www.eliseberard.com\/2022\/wp-json\/wp\/v2\/types\/page"}],"author":[{"embeddable":true,"href":"https:\/\/www.eliseberard.com\/2022\/wp-json\/wp\/v2\/users\/1"}],"replies":[{"embeddable":true,"href":"https:\/\/www.eliseberard.com\/2022\/wp-json\/wp\/v2\/comments?post=162"}],"version-history":[{"count":6,"href":"https:\/\/www.eliseberard.com\/2022\/wp-json\/wp\/v2\/pages\/162\/revisions"}],"predecessor-version":[{"id":448,"href":"https:\/\/www.eliseberard.com\/2022\/wp-json\/wp\/v2\/pages\/162\/revisions\/448"}],"wp:attachment":[{"href":"https:\/\/www.eliseberard.com\/2022\/wp-json\/wp\/v2\/media?parent=162"}],"curies":[{"name":"wp","href":"https:\/\/api.w.org\/{rel}","templated":true}]}}