{"id":127,"date":"2022-05-19T10:21:25","date_gmt":"2022-05-19T14:21:25","guid":{"rendered":"http:\/\/www.eliseberard.com\/2022\/?page_id=127"},"modified":"2022-07-11T16:28:27","modified_gmt":"2022-07-11T20:28:27","slug":"cv","status":"publish","type":"page","link":"http:\/\/www.eliseberard.com\/2022\/cv\/","title":{"rendered":"CV"},"content":{"rendered":"<div id=\"tdi_1\" class=\"tdc-row\"><div class=\"vc_row tdi_2  wpb_row td-pb-row\" >\n<style scoped>\n\n\/* custom css *\/\n.tdi_2,\r\n                .tdi_2 .tdc-columns{\r\n                    min-height: 0;\r\n                }.tdi_2,\r\n\t\t\t\t.tdi_2 .tdc-columns{\r\n\t\t\t\t    display: block;\r\n\t\t\t\t}.tdi_2 .tdc-columns{\r\n\t\t\t\t    width: 100%;\r\n\t\t\t\t}\n<\/style><div class=\"vc_column tdi_4  wpb_column vc_column_container tdc-column td-pb-span12\">\n<style scoped>\n\n\/* custom css *\/\n.tdi_4{\r\n                    vertical-align: baseline;\r\n                }.tdi_4 > .wpb_wrapper,\r\n\t\t\t\t.tdi_4 > .wpb_wrapper > .tdc-elements{\r\n\t\t\t\t    display: block;\r\n\t\t\t\t}.tdi_4 > .wpb_wrapper > .tdc-elements{\r\n\t\t\t\t    width: 100%;\r\n\t\t\t\t}.tdi_4 > .wpb_wrapper > .vc_row_inner{\r\n\t\t\t\t    width: auto;\r\n\t\t\t\t}.tdi_4 > .wpb_wrapper{\r\n\t\t\t\t    width: auto;\r\n\t\t\t\t    height: auto;\r\n\t\t\t\t}\n<\/style><div class=\"wpb_wrapper\">[vc_btn title=\u00a0\u00bbCV en t\u00e9l\u00e9chargement\u00a0\u00bb size=\u00a0\u00bbxs\u00a0\u00bb i_icon_fontawesome=\u00a0\u00bbfas fa-file-pdf\u00a0\u00bb add_icon=\u00a0\u00bbtrue\u00a0\u00bb link=\u00a0\u00bburl:http%3A%2F%2Fwww.eliseberard.com%2F2022%2Fwp-content%2Fuploads%2F2022%2F07%2FEliseBerard_Artiste_CV_28.05.22.pdf|target:_blank\u00a0\u00bb][vc_column_text]<strong>Membre du Regroupement des Artistes en visuels (RAAV)<\/strong>[\/vc_column_text][vc_column_text]\r\n<h4>1. \u00c9TUDES ET FORMATIONS<\/h4>\r\n[\/vc_column_text][vc_column_text]\n<table id=\"tablepress-1\" class=\"tablepress tablepress-id-1\">\n<tbody class=\"row-hover\">\n<tr class=\"row-1 odd\">\n\t<td colspan=\"2\" class=\"column-1\"><b>\u00c9TUDES<\/b><\/td>\n<\/tr>\n<tr class=\"row-2 even\">\n\t<td class=\"column-1\">1984<\/td><td class=\"column-2\">BACC Communications graphiques - Universit\u00e9 Laval \u2028Arts plastiques - C\u00e9gep Saint-Laurent (un an)\u2028<br \/>\nDesign de l\u2019environnement - UQAM (deux ans)<\/td>\n<\/tr>\n<tr class=\"row-3 odd\">\n\t<td colspan=\"2\" class=\"column-1\"><b>FORMATIONS ARTISTIQUES<\/b><\/td>\n<\/tr>\n<tr class=\"row-4 even\">\n\t<td class=\"column-1\">2019<\/td><td class=\"column-2\">La cr\u00e9ativit\u00e9 par le pouvoir de la peinture, Seymour Seagal, (atelier d\u2019une semaine)<\/td>\n<\/tr>\n<tr class=\"row-5 odd\">\n\t<td class=\"column-1\"><\/td><td class=\"column-2\">Atelier libre d\u2019une semaine avec Helmut Klander, Centre des Arts visuels, Montr\u00e9al,<\/td>\n<\/tr>\n<tr class=\"row-6 even\">\n\t<td class=\"column-1\">2016<\/td><td class=\"column-2\">Atelier libre d\u2019une semaine avec Helmut Klander, Centre des Arts visuels, Montr\u00e9al<\/td>\n<\/tr>\n<tr class=\"row-7 odd\">\n\t<td class=\"column-1\">2012<\/td><td class=\"column-2\">Osez Oser, atelier de cr\u00e9ativit\u00e9 avec Seymor Seagul, Montr\u00e9al (2 jours)<\/td>\n<\/tr>\n<tr class=\"row-8 even\">\n\t<td class=\"column-1\">2011<\/td><td class=\"column-2\">Peinture chinoise avec Liankui Zhang, Galerie de Chine, Montr\u00e9al (une session)<\/td>\n<\/tr>\n<tr class=\"row-9 odd\">\n\t<td class=\"column-1\"><\/td><td class=\"column-2\">Atelier de peinture japonaise abstraite avec Heather Midori Yamada \u2028           (une semaine)<\/td>\n<\/tr>\n<tr class=\"row-10 even\">\n\t<td class=\"column-1\">2010<\/td><td class=\"column-2\">Initiation au monotype avec Jacynthe T\u00e9treault, Montr\u00e9al (2 jours)<\/td>\n<\/tr>\n<tr class=\"row-11 odd\">\n\t<td class=\"column-1\">2009<\/td><td class=\"column-2\">D\u00e9marche cr\u00e9ative avec Francine Labelle, Magenta blues (2 jours)<\/td>\n<\/tr>\n<tr class=\"row-12 even\">\n\t<td class=\"column-1\">2008<\/td><td class=\"column-2\">Cours de peinture japonaise abstraite avec Heather Midori Yamada, \u2028           Centre des arts visuels Montr\u00e9al <\/td>\n<\/tr>\n<tr class=\"row-13 odd\">\n\t<td class=\"column-1\">2008 \u00e0 2012<\/td><td class=\"column-2\">Cours avec Marianne Revenko, Nicole Lebel, Lorna Mulligan, \u2028            Michael Merrill<\/td>\n<\/tr>\n<tr class=\"row-14 even\">\n\t<td class=\"column-1\">2008<\/td><td class=\"column-2\">Cours de techniques mixtes mod\u00e8le vivant avec Jacques Cl\u00e9ment, Montr\u00e9al<\/td>\n<\/tr>\n<tr class=\"row-15 odd\">\n\t<td class=\"column-1\">2006<\/td><td class=\"column-2\">La travers\u00e9e du vide avec Francine Labelle (2 jours)<\/td>\n<\/tr>\n<tr class=\"row-16 even\">\n\t<td class=\"column-1\">2005<\/td><td class=\"column-2\">Atelier peinture abstraite grand format avec Dominique Sarrazin, \u00c9cole des Arts de Mont-Laurier (semaine intensive)<\/td>\n<\/tr>\n<tr class=\"row-17 odd\">\n\t<td class=\"column-1\">2004<\/td><td class=\"column-2\">Atelier de mod\u00e8le vivant avec Monique Lipp\u00e9-Chaudron, \u00c9cole des Arts \u2028           de Mont-Laurier (semaine intensive) <\/td>\n<\/tr>\n<tr class=\"row-18 even\">\n\t<td class=\"column-1\">2002<\/td><td class=\"column-2\">Dessin, Centre Saydie Bronfman, Montr\u00e9al (une session)<\/td>\n<\/tr>\n<tr class=\"row-19 odd\">\n\t<td class=\"column-1\">2001<\/td><td class=\"column-2\">Peinture mod\u00e8le vivant avec Francine Labelle, Magenta blues, Montr\u00e9al \u2028           (une session)<\/td>\n<\/tr>\n<tr class=\"row-20 even\">\n\t<td class=\"column-1\"><\/td><td class=\"column-2\">L\u2019Atelier du Geste, Montr\u00e9al (une session)<\/td>\n<\/tr>\n<tr class=\"row-21 odd\">\n\t<td class=\"column-1\">1992<\/td><td class=\"column-2\">Mod\u00e8le vivant grand format avec Kay Aubanel, \u00c9cole des Arts visuels \u2028           (une session)<\/td>\n<\/tr>\n<tr class=\"row-22 even\">\n\t<td class=\"column-1\"><\/td><td class=\"column-2\">Aussi plusieurs ateliers libres de mod\u00e8le vivant.<\/td>\n<\/tr>\n<tr class=\"row-23 odd\">\n\t<td colspan=\"2\" class=\"column-1\"><b>AUTRES FORMATIONS<\/b><\/td>\n<\/tr>\n<tr class=\"row-24 even\">\n\t<td class=\"column-1\">2019<\/td><td class=\"column-2\">Le dossier d\u2019artistes\u00a0: \u00e9l\u00e9ments constitutifs et strat\u00e9gies de pr\u00e9sentation,  Membre du Regroupement des Artistes en visuels, (2 jours)<\/td>\n<\/tr>\n<\/tbody>\n<\/table>\n<!-- #tablepress-1 from cache -->[\/vc_column_text]<\/div><\/div><\/div><\/div><div id=\"tdi_5\" class=\"tdc-row\"><div class=\"vc_row tdi_6  wpb_row td-pb-row\" >\n<style scoped>\n\n\/* custom css *\/\n.tdi_6,\r\n                .tdi_6 .tdc-columns{\r\n                    min-height: 0;\r\n                }.tdi_6,\r\n\t\t\t\t.tdi_6 .tdc-columns{\r\n\t\t\t\t    display: block;\r\n\t\t\t\t}.tdi_6 .tdc-columns{\r\n\t\t\t\t    width: 100%;\r\n\t\t\t\t}\n<\/style><div class=\"vc_column tdi_8  wpb_column vc_column_container tdc-column td-pb-span12\">\n<style scoped>\n\n\/* custom css *\/\n.tdi_8{\r\n                    vertical-align: baseline;\r\n                }.tdi_8 > .wpb_wrapper,\r\n\t\t\t\t.tdi_8 > .wpb_wrapper > .tdc-elements{\r\n\t\t\t\t    display: block;\r\n\t\t\t\t}.tdi_8 > .wpb_wrapper > .tdc-elements{\r\n\t\t\t\t    width: 100%;\r\n\t\t\t\t}.tdi_8 > .wpb_wrapper > .vc_row_inner{\r\n\t\t\t\t    width: auto;\r\n\t\t\t\t}.tdi_8 > .wpb_wrapper{\r\n\t\t\t\t    width: auto;\r\n\t\t\t\t    height: auto;\r\n\t\t\t\t}\n<\/style><div class=\"wpb_wrapper\">[vc_column_text]\r\n<h4>2. DIFFUSION<\/h4>\r\n[\/vc_column_text][vc_column_text]\n<table id=\"tablepress-2\" class=\"tablepress tablepress-id-2\">\n<tbody class=\"row-hover\">\n<tr class=\"row-1 odd\">\n\t<td colspan=\"2\" class=\"column-1\"><b>SOLO<\/b><\/td>\n<\/tr>\n<tr class=\"row-2 even\">\n\t<td class=\"column-1\">2014 \u00e0 2021<\/td><td class=\"column-2\">Expo permanente d'Art Num\u00e9rique, s\u00e9rie MTL - Montr\u00e9al International<\/td>\n<\/tr>\n<tr class=\"row-3 odd\">\n\t<td class=\"column-1\">2013<\/td><td class=\"column-2\">Exposition solo - Institut National de Sant\u00e9 publique du Qu\u00e9bec<\/td>\n<\/tr>\n<tr class=\"row-4 even\">\n\t<td class=\"column-1\">2012<\/td><td class=\"column-2\">Exposition C\u00f4t\u00e9 C\u0153ur, C\u00f4t\u00e9 jardin. Galerie Espace Montr\u00e9al. 25 avril au 1er mai<\/td>\n<\/tr>\n<tr class=\"row-5 odd\">\n\t<td colspan=\"2\" class=\"column-1\"><b>COLLECTION PRIV\u00c9E<\/b><\/td>\n<\/tr>\n<tr class=\"row-6 even\">\n\t<td class=\"column-1\">2019<\/td><td class=\"column-2\">Commande de 5 \u0153uvres abstraites pour les bureaux d\u2019Alu Qu\u00e9bec, Montr\u00e9al<br \/>\nLa trame de fond\u00a0cr\u00e9ative\u00a0: Transformation. \u00c9volution\u00a0: de la bauxite \u00e0 l\u2019aluminium, de la nature au g\u00e9nie humain.\u2028\u00ab L\u2019artiste lance une invitation \u00e0 voyager au c\u0153ur de la transformation d\u2019une richesse naturelle - la bauxite - en ce mat\u00e9riau qui sert \u00e0 b\u00e2tir notre monde jour apr\u00e8s jour : l\u2019aluminium, fruit de l\u2019ing\u00e9niosit\u00e9 humaine combin\u00e9e \u00e0 la force de la nature. \u00bb<\/td>\n<\/tr>\n<tr class=\"row-7 odd\">\n\t<td colspan=\"2\" class=\"column-1\"><b>TRIO-QUATUOR<\/b><\/td>\n<\/tr>\n<tr class=\"row-8 even\">\n\t<td class=\"column-1\">2017<\/td><td class=\"column-2\">Expo Art Num\u00e9rique_MTL - 1er anniversaire de We Work - Place Ville-Marie - mars 2017<\/td>\n<\/tr>\n<tr class=\"row-9 odd\">\n\t<td class=\"column-1\">2016<\/td><td class=\"column-2\">Les Artistes des deux rives s'exposent - La Station, \u00cele des S\u0153urs - \u2028           1er et 2 octobre<\/td>\n<\/tr>\n<tr class=\"row-10 even\">\n\t<td class=\"column-1\">2015<\/td><td class=\"column-2\">Exposition QuatART - du figuratif \u00e0 l'abstrait - Galerie Mile End - \u2028           21 sept au 4 octobre<\/td>\n<\/tr>\n<tr class=\"row-11 odd\">\n\t<td class=\"column-1\">2010<\/td><td class=\"column-2\">Exposition TRIPLE CR\u00c8ME, S\u00e9rie Bestiaire Natura - 21-27 avril - \u2028           Galerie Espace, Mtl<\/td>\n<\/tr>\n<tr class=\"row-12 even\">\n\t<td colspan=\"2\" class=\"column-1\"><b>EXPOSITIONS COLLECTIVES - S\u00c9LECTION PAR JURY<\/b><\/td>\n<\/tr>\n<tr class=\"row-13 odd\">\n\t<td class=\"column-1\">2011, 2013, 2014, 2015<\/td><td class=\"column-2\">Toiles s\u00e9lectionn\u00e9es par jury - Salon du Printemps \u2028           de l'Association des artistes de LaSalle<\/td>\n<\/tr>\n<tr class=\"row-14 even\">\n\t<td class=\"column-1\">2008, 2010 \u00e0 2018<\/td><td class=\"column-2\">Artiste s\u00e9lectionn\u00e9e pour l\u2019exposition Parle-moi d\u2019amour des Impatients - Don pour lev\u00e9e de fonds<\/td>\n<\/tr>\n<tr class=\"row-15 odd\">\n\t<td class=\"column-1\">2013<\/td><td class=\"column-2\">Toile s\u00e9lectionn\u00e9e devant jury - Exposition de groupe Stewart Hall, Pointe Claire \u2013 Nov 2103- Oct 2014<\/td>\n<\/tr>\n<tr class=\"row-16 even\">\n\t<td class=\"column-1\"><\/td><td class=\"column-2\">ART LAB Toiles s\u00e9lectionn\u00e9es devant jury pour participer \u00e0 l\u2019encan LEUCAN<\/td>\n<\/tr>\n<tr class=\"row-17 odd\">\n\t<td class=\"column-1\"><\/td><td class=\"column-2\">Circuit ARTS ET CULTURE Verdun. Caf\u00e9 Fr\u00e9jus<\/td>\n<\/tr>\n<tr class=\"row-18 even\">\n\t<td class=\"column-1\">2011<\/td><td class=\"column-2\">Circuit ARTS ET CULTURE Verdun. Caf\u00e9 Fr\u00e9jus<\/td>\n<\/tr>\n<tr class=\"row-19 odd\">\n\t<td colspan=\"2\" class=\"column-1\"><b>\u00c9V\u00c9NEMENTS<\/b><\/td>\n<\/tr>\n<tr class=\"row-20 even\">\n\t<td class=\"column-1\">2017<\/td><td class=\"column-2\">Peinture en direct - Soir\u00e9e Let's Bond chez Holt - Toile vendue \u00e0 l'encan silencieux lors de la soir\u00e9e de gala<\/td>\n<\/tr>\n<tr class=\"row-21 odd\">\n\t<td class=\"column-1\">2010<\/td><td class=\"column-2\">Peinture en direct - Lancement Radio Automne de Radio-Canada: participation \u00e0 \u2028            une toile collective film\u00e9e en direct sur Internet<\/td>\n<\/tr>\n<tr class=\"row-22 even\">\n\t<td colspan=\"2\" class=\"column-1\"><b>AUTRES EXPOSITIONS COLLECTIVES<\/b><\/td>\n<\/tr>\n<tr class=\"row-23 odd\">\n\t<td class=\"column-1\">2015<\/td><td class=\"column-2\">Expo Papier maRch\u00e9 - Galerie 2456 - 24 au 29 novembre<\/td>\n<\/tr>\n<tr class=\"row-24 even\">\n\t<td class=\"column-1\">2013<\/td><td class=\"column-2\">Exposition de groupe sur l\u2019abstraction - Galerie Mile End - Juillet - Ao\u00fbt<\/td>\n<\/tr>\n<tr class=\"row-25 odd\">\n\t<td class=\"column-1\"><\/td><td class=\"column-2\">Exposition collective de miniatures - Galerie Kafart - Juillet<\/td>\n<\/tr>\n<tr class=\"row-26 even\">\n\t<td class=\"column-1\">2011<\/td><td class=\"column-2\">Association de l'automne des artistes de La Salle. Sp\u00e9cial miniature<\/td>\n<\/tr>\n<tr class=\"row-27 odd\">\n\t<td class=\"column-1\"><\/td><td class=\"column-2\">Mus\u00e9e de Beaux-Arts de St-Hilaire, Salon d'automne, 30 septembre au 30 octobre<\/td>\n<\/tr>\n<tr class=\"row-28 even\">\n\t<td class=\"column-1\"><\/td><td class=\"column-2\">Les PETITS FORMATS s'exposent du 28 avril au 1er mai. Espace ARS LONGA<\/td>\n<\/tr>\n<tr class=\"row-29 odd\">\n\t<td class=\"column-1\">2009<\/td><td class=\"column-2\">Galerie Kaf\u2019Art \u00e0 Montr\u00e9al - Expo de petits formats pour No\u00ebl<\/td>\n<\/tr>\n<tr class=\"row-30 even\">\n\t<td class=\"column-1\"><\/td><td class=\"column-2\">Galerie Kaf\u2019Art \u00e0 Montr\u00e9al - Expo sous la th\u00e9matique du BLEU<\/td>\n<\/tr>\n<tr class=\"row-31 odd\">\n\t<td class=\"column-1\">2008<\/td><td class=\"column-2\">Galerie Kaf\u2019Art \u00e0 Montr\u00e9al - Expo sous la th\u00e9matique du BLEU<\/td>\n<\/tr>\n<tr class=\"row-32 even\">\n\t<td class=\"column-1\">2005<\/td><td class=\"column-2\">\u00c9cole des Arts de Mont-Laurier<\/td>\n<\/tr>\n<tr class=\"row-33 odd\">\n\t<td class=\"column-1\">2001<\/td><td class=\"column-2\">Atelier du Geste \u00e0 Montr\u00e9al<\/td>\n<\/tr>\n<tr class=\"row-34 even\">\n\t<td class=\"column-1\">2000<\/td><td class=\"column-2\">Diesel marketing - Expo \u00ab Autres temps autres m\u0153urs\u00bb<\/td>\n<\/tr>\n<tr class=\"row-35 odd\">\n\t<td colspan=\"2\" class=\"column-1\"><b>PRIX ET MENTIONS<\/b><\/td>\n<\/tr>\n<tr class=\"row-36 even\">\n\t<td class=\"column-1\">2017<\/td><td class=\"column-2\">Distinctions \u00e0 l\u2019international: OnlineArt Gallery\u00abLight Space &amp; Time\u00bb: 1. Special Merit Category 2. Special Recognition Category, pour MTL_ArtNum\u00e9rique \u2013 mars 2017\u2028<\/td>\n<\/tr>\n<tr class=\"row-37 odd\">\n\t<td colspan=\"2\" class=\"column-1\"><b>FORMATRICE<\/b><\/td>\n<\/tr>\n<tr class=\"row-38 even\">\n\t<td class=\"column-1\">2019<\/td><td class=\"column-2\">Les r\u00e9seaux sociaux\u00a0: faire sa marque en arts, Ville de Laval, Formation sur mesure \u2013 cours priv\u00e9<\/td>\n<\/tr>\n<\/tbody>\n<\/table>\n<!-- #tablepress-2 from cache -->[\/vc_column_text]<\/div><\/div><\/div><\/div>","protected":false},"excerpt":{"rendered":"[vc_btn title=\"CV en t\u00e9l\u00e9chargement\" size=\"xs\" i_icon_fontawesome=\"fas fa-file-pdf\" add_icon=\"true\" link=\"url:http%3A%2F%2Fwww.eliseberard.com%2F2022%2Fwp-content%2Fuploads%2F2022%2F07%2FEliseBerard_Artiste_CV_28.05.22.pdf|target:_blank\"][vc_column_text]Membre du Regroupement des Artistes en visuels (RAAV)[\/vc_column_text][vc_column_text] 1. \u00c9TUDES ET FORMATIONS [\/vc_column_text][vc_column_text] \u00c9TUDES 1984BACC Communications graphiques - Universit\u00e9 Laval \u2028Arts plastiques - C\u00e9gep Saint-Laurent (un an)\u2028 Design de l\u2019environnement - UQAM (deux ans) FORMATIONS ARTISTIQUES 2019La cr\u00e9ativit\u00e9 par le pouvoir de la peinture, Seymour Seagal, (atelier [...]","protected":false},"author":1,"featured_media":0,"parent":0,"menu_order":0,"comment_status":"closed","ping_status":"closed","template":"","meta":{"footnotes":""},"class_list":["post-127","page","type-page","status-publish"],"_links":{"self":[{"href":"http:\/\/www.eliseberard.com\/2022\/wp-json\/wp\/v2\/pages\/127","targetHints":{"allow":["GET"]}}],"collection":[{"href":"http:\/\/www.eliseberard.com\/2022\/wp-json\/wp\/v2\/pages"}],"about":[{"href":"http:\/\/www.eliseberard.com\/2022\/wp-json\/wp\/v2\/types\/page"}],"author":[{"embeddable":true,"href":"http:\/\/www.eliseberard.com\/2022\/wp-json\/wp\/v2\/users\/1"}],"replies":[{"embeddable":true,"href":"http:\/\/www.eliseberard.com\/2022\/wp-json\/wp\/v2\/comments?post=127"}],"version-history":[{"count":13,"href":"http:\/\/www.eliseberard.com\/2022\/wp-json\/wp\/v2\/pages\/127\/revisions"}],"predecessor-version":[{"id":315,"href":"http:\/\/www.eliseberard.com\/2022\/wp-json\/wp\/v2\/pages\/127\/revisions\/315"}],"wp:attachment":[{"href":"http:\/\/www.eliseberard.com\/2022\/wp-json\/wp\/v2\/media?parent=127"}],"curies":[{"name":"wp","href":"https:\/\/api.w.org\/{rel}","templated":true}]}}