{"id":113,"date":"2022-05-18T15:15:31","date_gmt":"2022-05-18T15:15:31","guid":{"rendered":"http:\/\/www.eliseberard.com\/2022\/?page_id=113"},"modified":"2022-07-12T17:00:22","modified_gmt":"2022-07-12T21:00:22","slug":"commandes-sur-mesure","status":"publish","type":"page","link":"http:\/\/www.eliseberard.com\/2022\/commandes-sur-mesure\/","title":{"rendered":"Commandes sur mesure"},"content":{"rendered":"<div id=\"tdi_1\" class=\"tdc-row\"><div class=\"vc_row tdi_2  wpb_row td-pb-row\" >\n<style scoped>\n\n\/* custom css *\/\n.tdi_2,\r\n                .tdi_2 .tdc-columns{\r\n                    min-height: 0;\r\n                }.tdi_2,\r\n\t\t\t\t.tdi_2 .tdc-columns{\r\n\t\t\t\t    display: block;\r\n\t\t\t\t}.tdi_2 .tdc-columns{\r\n\t\t\t\t    width: 100%;\r\n\t\t\t\t}\n<\/style><div class=\"vc_column tdi_4  wpb_column vc_column_container tdc-column td-pb-span8\">\n<style scoped>\n\n\/* custom css *\/\n.tdi_4{\r\n                    vertical-align: baseline;\r\n                }.tdi_4 > .wpb_wrapper,\r\n\t\t\t\t.tdi_4 > .wpb_wrapper > .tdc-elements{\r\n\t\t\t\t    display: block;\r\n\t\t\t\t}.tdi_4 > .wpb_wrapper > .tdc-elements{\r\n\t\t\t\t    width: 100%;\r\n\t\t\t\t}.tdi_4 > .wpb_wrapper > .vc_row_inner{\r\n\t\t\t\t    width: auto;\r\n\t\t\t\t}.tdi_4 > .wpb_wrapper{\r\n\t\t\t\t    width: auto;\r\n\t\t\t\t    height: auto;\r\n\t\t\t\t}\n<\/style><div class=\"wpb_wrapper\">[vc_custom_heading text=\u00a0\u00bbCommandes sur mesure\u00a0\u00bb google_fonts=\u00a0\u00bbfont_family:Coda%3Aregular%2C800|font_style:400%20regular%3A400%3Anormal\u00a0\u00bb][vc_column_text]Vous avez une th\u00e9matique \u00e0 illustrer, une image de marque \u00e0 faire vivre de mani\u00e8re artistique?\r\n\r\nEn tant que sp\u00e9cialiste en branding et ex-designer graphique, je comprends bien les balises qui permettront \u00e0 votre marque de prendre tout son envol.\r\n\r\nALU QU\u00c9BEC\r\n<a href=\"http:\/\/www.eliseberard.com\/2022\/contact\/\">Contactez-moi!<\/a>[\/vc_column_text]<\/div><\/div><div class=\"vc_column tdi_6  wpb_column vc_column_container tdc-column td-pb-span4\">\n<style scoped>\n\n\/* custom css *\/\n.tdi_6{\r\n                    vertical-align: baseline;\r\n                }.tdi_6 > .wpb_wrapper,\r\n\t\t\t\t.tdi_6 > .wpb_wrapper > .tdc-elements{\r\n\t\t\t\t    display: block;\r\n\t\t\t\t}.tdi_6 > .wpb_wrapper > .tdc-elements{\r\n\t\t\t\t    width: 100%;\r\n\t\t\t\t}.tdi_6 > .wpb_wrapper > .vc_row_inner{\r\n\t\t\t\t    width: auto;\r\n\t\t\t\t}.tdi_6 > .wpb_wrapper{\r\n\t\t\t\t    width: auto;\r\n\t\t\t\t    height: auto;\r\n\t\t\t\t}\n<\/style><div class=\"wpb_wrapper\">[vc_single_image image=\u00a0\u00bb297&Prime; img_size=\u00a0\u00bbfull\u00a0\u00bb]<\/div><\/div><\/div><\/div>","protected":false},"excerpt":{"rendered":"[vc_custom_heading text=\"Commandes sur mesure\" google_fonts=\"font_family:Coda%3Aregular%2C800|font_style:400%20regular%3A400%3Anormal\"][vc_column_text]Vous avez une th\u00e9matique \u00e0 illustrer, une image de marque \u00e0 faire vivre de mani\u00e8re artistique? En tant que sp\u00e9cialiste en branding et ex-designer graphique, je comprends bien les balises qui permettront \u00e0 votre marque de prendre tout son envol. ALU QU\u00c9BEC Contactez-moi![\/vc_column_text] [vc_single_image image=\"297\" img_size=\"full\"]","protected":false},"author":1,"featured_media":0,"parent":0,"menu_order":0,"comment_status":"closed","ping_status":"closed","template":"","meta":{"footnotes":""},"class_list":["post-113","page","type-page","status-publish"],"_links":{"self":[{"href":"http:\/\/www.eliseberard.com\/2022\/wp-json\/wp\/v2\/pages\/113","targetHints":{"allow":["GET"]}}],"collection":[{"href":"http:\/\/www.eliseberard.com\/2022\/wp-json\/wp\/v2\/pages"}],"about":[{"href":"http:\/\/www.eliseberard.com\/2022\/wp-json\/wp\/v2\/types\/page"}],"author":[{"embeddable":true,"href":"http:\/\/www.eliseberard.com\/2022\/wp-json\/wp\/v2\/users\/1"}],"replies":[{"embeddable":true,"href":"http:\/\/www.eliseberard.com\/2022\/wp-json\/wp\/v2\/comments?post=113"}],"version-history":[{"count":7,"href":"http:\/\/www.eliseberard.com\/2022\/wp-json\/wp\/v2\/pages\/113\/revisions"}],"predecessor-version":[{"id":443,"href":"http:\/\/www.eliseberard.com\/2022\/wp-json\/wp\/v2\/pages\/113\/revisions\/443"}],"wp:attachment":[{"href":"http:\/\/www.eliseberard.com\/2022\/wp-json\/wp\/v2\/media?parent=113"}],"curies":[{"name":"wp","href":"https:\/\/api.w.org\/{rel}","templated":true}]}}